{"id":916,"date":"2025-10-09T14:13:45","date_gmt":"2025-10-09T17:13:45","guid":{"rendered":"https:\/\/colossaltrading.com.br\/?page_id=916"},"modified":"2025-12-02T10:18:31","modified_gmt":"2025-12-02T13:18:31","slug":"politicas-internas-de-compliance","status":"publish","type":"page","link":"https:\/\/colossaltrading.com.br\/index.php\/politicas-internas-de-compliance\/","title":{"rendered":"Pol\u00edticas Internas de Compliance"},"content":{"rendered":"\t\t<div data-elementor-type=\"wp-page\" data-elementor-id=\"916\" class=\"elementor elementor-916\" data-elementor-settings=\"{&quot;ha_cmc_init_switcher&quot;:&quot;no&quot;}\">\n\t\t\t\t<div class=\"elementor-element elementor-element-35d696c e-con-full e-flex e-con e-parent\" data-id=\"35d696c\" data-element_type=\"container\" data-e-type=\"container\" data-settings=\"{&quot;background_background&quot;:&quot;classic&quot;,&quot;shape_divider_bottom&quot;:&quot;waves&quot;,&quot;_ha_eqh_enable&quot;:false}\">\n\t\t\t\t<div class=\"elementor-shape elementor-shape-bottom\" aria-hidden=\"true\" data-negative=\"false\">\n\t\t\t<svg xmlns=\"http:\/\/www.w3.org\/2000\/svg\" viewBox=\"0 0 1000 100\" preserveAspectRatio=\"none\">\n\t<path class=\"elementor-shape-fill\" d=\"M421.9,6.5c22.6-2.5,51.5,0.4,75.5,5.3c23.6,4.9,70.9,23.5,100.5,35.7c75.8,32.2,133.7,44.5,192.6,49.7\n\tc23.6,2.1,48.7,3.5,103.4-2.5c54.7-6,106.2-25.6,106.2-25.6V0H0v30.3c0,0,72,32.6,158.4,30.5c39.2-0.7,92.8-6.7,134-22.4\n\tc21.2-8.1,52.2-18.2,79.7-24.2C399.3,7.9,411.6,7.5,421.9,6.5z\"\/>\n<\/svg>\t\t<\/div>\n\t\t\t\t<div class=\"elementor-element elementor-element-fa925fa elementor-widget__width-inherit elementor-widget elementor-widget-heading\" data-id=\"fa925fa\" data-element_type=\"widget\" data-e-type=\"widget\" data-widget_type=\"heading.default\">\n\t\t\t\t\t<h2 class=\"elementor-heading-title elementor-size-default\">Pol\u00edticas Internas de Compliance\n\n<\/h2>\t\t\t\t<\/div>\n\t\t\t\t<\/div>\n\t\t<div class=\"elementor-element elementor-element-aa46bb1 e-flex e-con-boxed e-con e-parent\" data-id=\"aa46bb1\" data-element_type=\"container\" data-e-type=\"container\" data-settings=\"{&quot;background_background&quot;:&quot;classic&quot;,&quot;_ha_eqh_enable&quot;:false}\">\n\t\t\t\t\t<div class=\"e-con-inner\">\n\t\t<div class=\"elementor-element elementor-element-469ec3e e-con-full elementor-hidden-tablet elementor-hidden-mobile e-flex e-con e-child\" data-id=\"469ec3e\" data-element_type=\"container\" data-e-type=\"container\" data-settings=\"{&quot;_ha_eqh_enable&quot;:false}\">\n\t\t<div class=\"elementor-element elementor-element-c608965 e-con-full e-flex e-con e-child\" data-id=\"c608965\" data-element_type=\"container\" data-e-type=\"container\" data-settings=\"{&quot;_ha_eqh_enable&quot;:false}\">\n\t\t<div class=\"elementor-element elementor-element-6415f9c e-con-full e-flex e-con e-child\" data-id=\"6415f9c\" data-element_type=\"container\" data-e-type=\"container\" data-settings=\"{&quot;background_background&quot;:&quot;classic&quot;,&quot;_ha_eqh_enable&quot;:false}\">\n\t\t\t\t<div class=\"elementor-element elementor-element-7101d7a elementor-widget elementor-widget-heading\" data-id=\"7101d7a\" data-element_type=\"widget\" data-e-type=\"widget\" data-widget_type=\"heading.default\">\n\t\t\t\t\t<h2 class=\"elementor-heading-title elementor-size-default\"><a href=\"http:\/\/colossaltrading.com.br\/wp-content\/uploads\/2025\/10\/1.-Politica-de-Prevencao-a-Lavagem-de-Dinheiro-e-Combate-ao-Financiamento-do-Terrorismo-Internacional-PLD-CFT.pdf\">1. Pol\u00edtica de Preven\u00e7\u00e3o \u00e0 Lavagem de Dinheiro e Combate ao financiamento do Terrorismo Internacional (PLD -CFT);<\/a><\/h2>\t\t\t\t<\/div>\n\t\t\t\t<div class=\"elementor-element elementor-element-ec7f5f0 elementor-widget elementor-widget-heading\" data-id=\"ec7f5f0\" data-element_type=\"widget\" data-e-type=\"widget\" data-widget_type=\"heading.default\">\n\t\t\t\t\t<h2 class=\"elementor-heading-title elementor-size-default\"><a href=\"http:\/\/colossaltrading.com.br\/wp-content\/uploads\/2025\/10\/2.-Politica-de-Controle-da-Cadeia-de-Suprimentos-e-de-Verificacao-da-Origem-de-Metais-Preciosos-Supply-Chain-1.pdf\">2. Pol\u00edtica de Controle da Cadeia de Suprimento e de Verifica\u00e7\u00e3o da Origem de\n\nMetais Preciosos (Supply Chain);<\/a><\/h2>\t\t\t\t<\/div>\n\t\t\t\t<div class=\"elementor-element elementor-element-52d6a57 elementor-widget elementor-widget-heading\" data-id=\"52d6a57\" data-element_type=\"widget\" data-e-type=\"widget\" data-widget_type=\"heading.default\">\n\t\t\t\t\t<h2 class=\"elementor-heading-title elementor-size-default\"><a href=\"http:\/\/colossaltrading.com.br\/wp-content\/uploads\/2025\/10\/3.-Declaracao-de-Origem.pdf\">3. Declara\u00e7\u00e3o de Origem\n\n(Idem para a Politicas Internas de Compliance)<\/a><\/h2>\t\t\t\t<\/div>\n\t\t\t\t<\/div>\n\t\t\t\t<\/div>\n\t\t\t\t<\/div>\n\t\t\t\t\t<\/div>\n\t\t\t\t<\/div>\n\t\t\t\t<\/div>\n\t\t","protected":false},"excerpt":{"rendered":"<p>Pol\u00edticas Internas de Compliance 1. Pol\u00edtica de Preven\u00e7\u00e3o \u00e0 Lavagem de Dinheiro e Combate ao financiamento do Terrorismo Internacional (PLD -CFT); 2. Pol\u00edtica de Controle da Cadeia de Suprimento e de Verifica\u00e7\u00e3o da Origem de Metais Preciosos (Supply Chain); 3. Declara\u00e7\u00e3o de Origem (Idem para a Politicas Internas de Compliance)<\/p>\n","protected":false},"author":1,"featured_media":0,"parent":0,"menu_order":0,"comment_status":"closed","ping_status":"closed","template":"elementor_header_footer","meta":{"footnotes":""},"class_list":["post-916","page","type-page","status-publish","hentry"],"_links":{"self":[{"href":"https:\/\/colossaltrading.com.br\/index.php\/wp-json\/wp\/v2\/pages\/916","targetHints":{"allow":["GET"]}}],"collection":[{"href":"https:\/\/colossaltrading.com.br\/index.php\/wp-json\/wp\/v2\/pages"}],"about":[{"href":"https:\/\/colossaltrading.com.br\/index.php\/wp-json\/wp\/v2\/types\/page"}],"author":[{"embeddable":true,"href":"https:\/\/colossaltrading.com.br\/index.php\/wp-json\/wp\/v2\/users\/1"}],"replies":[{"embeddable":true,"href":"https:\/\/colossaltrading.com.br\/index.php\/wp-json\/wp\/v2\/comments?post=916"}],"version-history":[{"count":19,"href":"https:\/\/colossaltrading.com.br\/index.php\/wp-json\/wp\/v2\/pages\/916\/revisions"}],"predecessor-version":[{"id":1140,"href":"https:\/\/colossaltrading.com.br\/index.php\/wp-json\/wp\/v2\/pages\/916\/revisions\/1140"}],"wp:attachment":[{"href":"https:\/\/colossaltrading.com.br\/index.php\/wp-json\/wp\/v2\/media?parent=916"}],"curies":[{"name":"wp","href":"https:\/\/api.w.org\/{rel}","templated":true}]}}