{"id":894,"date":"2025-10-09T11:03:17","date_gmt":"2025-10-09T14:03:17","guid":{"rendered":"https:\/\/colossaltrading.com.br\/?page_id=894"},"modified":"2025-12-02T10:08:05","modified_gmt":"2025-12-02T13:08:05","slug":"politica-de-cadastro","status":"publish","type":"page","link":"https:\/\/colossaltrading.com.br\/index.php\/politica-de-cadastro\/","title":{"rendered":"Pol\u00edtica de Cadastro"},"content":{"rendered":"\t\t<div data-elementor-type=\"wp-page\" data-elementor-id=\"894\" class=\"elementor elementor-894\" data-elementor-settings=\"{&quot;ha_cmc_init_switcher&quot;:&quot;no&quot;}\">\n\t\t\t\t<div class=\"elementor-element elementor-element-a67b574 e-con-full e-flex e-con e-parent\" data-id=\"a67b574\" data-element_type=\"container\" data-e-type=\"container\" data-settings=\"{&quot;background_background&quot;:&quot;classic&quot;,&quot;shape_divider_bottom&quot;:&quot;waves&quot;,&quot;_ha_eqh_enable&quot;:false}\">\n\t\t\t\t<div class=\"elementor-shape elementor-shape-bottom\" aria-hidden=\"true\" data-negative=\"false\">\n\t\t\t<svg xmlns=\"http:\/\/www.w3.org\/2000\/svg\" viewBox=\"0 0 1000 100\" preserveAspectRatio=\"none\">\n\t<path class=\"elementor-shape-fill\" d=\"M421.9,6.5c22.6-2.5,51.5,0.4,75.5,5.3c23.6,4.9,70.9,23.5,100.5,35.7c75.8,32.2,133.7,44.5,192.6,49.7\n\tc23.6,2.1,48.7,3.5,103.4-2.5c54.7-6,106.2-25.6,106.2-25.6V0H0v30.3c0,0,72,32.6,158.4,30.5c39.2-0.7,92.8-6.7,134-22.4\n\tc21.2-8.1,52.2-18.2,79.7-24.2C399.3,7.9,411.6,7.5,421.9,6.5z\"\/>\n<\/svg>\t\t<\/div>\n\t\t\t\t<div class=\"elementor-element elementor-element-9380423 elementor-widget__width-inherit elementor-widget elementor-widget-heading\" data-id=\"9380423\" data-element_type=\"widget\" data-e-type=\"widget\" data-widget_type=\"heading.default\">\n\t\t\t\t\t<h2 class=\"elementor-heading-title elementor-size-default\">Pol\u00edtica de Cadastro\n<\/h2>\t\t\t\t<\/div>\n\t\t\t\t<\/div>\n\t\t<div class=\"elementor-element elementor-element-56532f2 e-flex e-con-boxed e-con e-parent\" data-id=\"56532f2\" data-element_type=\"container\" data-e-type=\"container\" data-settings=\"{&quot;background_background&quot;:&quot;classic&quot;,&quot;_ha_eqh_enable&quot;:false}\">\n\t\t\t\t\t<div class=\"e-con-inner\">\n\t\t<div class=\"elementor-element elementor-element-2bc08bb e-con-full elementor-hidden-tablet elementor-hidden-mobile e-flex e-con e-child\" data-id=\"2bc08bb\" data-element_type=\"container\" data-e-type=\"container\" data-settings=\"{&quot;_ha_eqh_enable&quot;:false}\">\n\t\t<div class=\"elementor-element elementor-element-830ac33 e-con-full e-flex e-con e-child\" data-id=\"830ac33\" data-element_type=\"container\" data-e-type=\"container\" data-settings=\"{&quot;_ha_eqh_enable&quot;:false}\">\n\t\t<div class=\"elementor-element elementor-element-9d92d86 e-con-full e-flex e-con e-child\" data-id=\"9d92d86\" data-element_type=\"container\" data-e-type=\"container\" data-settings=\"{&quot;background_background&quot;:&quot;classic&quot;,&quot;_ha_eqh_enable&quot;:false}\">\n\t\t\t\t<div class=\"elementor-element elementor-element-9dd4f1a elementor-widget elementor-widget-heading\" data-id=\"9dd4f1a\" data-element_type=\"widget\" data-e-type=\"widget\" data-widget_type=\"heading.default\">\n\t\t\t\t\t<h2 class=\"elementor-heading-title elementor-size-default\"><a href=\"http:\/\/colossaltrading.com.br\/wp-content\/uploads\/2025\/10\/1-Cadastro-de-Pessoas-Naturais.pdf\">1.Pessoas Naturais<\/a><\/h2>\t\t\t\t<\/div>\n\t\t\t\t<div class=\"elementor-element elementor-element-ee0bb35 elementor-widget elementor-widget-heading\" data-id=\"ee0bb35\" data-element_type=\"widget\" data-e-type=\"widget\" data-widget_type=\"heading.default\">\n\t\t\t\t\t<h2 class=\"elementor-heading-title elementor-size-default\"><a href=\"http:\/\/colossaltrading.com.br\/wp-content\/uploads\/2025\/10\/2-Cadastro-de-Pessoas-Juridicas.pdf\">2. Pessoas Jur\u00eddicas<\/a><\/h2>\t\t\t\t<\/div>\n\t\t\t\t<div class=\"elementor-element elementor-element-35b02d8 elementor-widget elementor-widget-heading\" data-id=\"35b02d8\" data-element_type=\"widget\" data-e-type=\"widget\" data-widget_type=\"heading.default\">\n\t\t\t\t\t<h2 class=\"elementor-heading-title elementor-size-default\"><a href=\"http:\/\/colossaltrading.com.br\/wp-content\/uploads\/2025\/10\/Politica-de-Cadastro-KYC.pdf\">3. Documentos de Cadastro<\/a><\/h2>\t\t\t\t<\/div>\n\t\t\t\t<div class=\"elementor-element elementor-element-610a33b elementor-widget elementor-widget-heading\" data-id=\"610a33b\" data-element_type=\"widget\" data-e-type=\"widget\" data-widget_type=\"heading.default\">\n\t\t\t\t\t<h2 class=\"elementor-heading-title elementor-size-default\"><a href=\"http:\/\/colossaltrading.com.br\/wp-content\/uploads\/2025\/12\/FICHA-CADASTRO-PESSOA-NATURAL-Colossal-Trading.pdf\">3.1 Ficha de Cadastro de Pessoa Natural<\/a><\/h2>\t\t\t\t<\/div>\n\t\t\t\t<div class=\"elementor-element elementor-element-6d105f3 elementor-widget elementor-widget-heading\" data-id=\"6d105f3\" data-element_type=\"widget\" data-e-type=\"widget\" data-widget_type=\"heading.default\">\n\t\t\t\t\t<h2 class=\"elementor-heading-title elementor-size-default\"><a href=\"http:\/\/colossaltrading.com.br\/wp-content\/uploads\/2025\/12\/FICHA-CADASTRO-PESSOA-JURIDICA-Colossal-Trading.pdf\">3.2 Ficha de Cadastro de Pessoa Jur\u00eddica<\/a><\/h2>\t\t\t\t<\/div>\n\t\t\t\t<div class=\"elementor-element elementor-element-a3712b1 elementor-widget elementor-widget-heading\" data-id=\"a3712b1\" data-element_type=\"widget\" data-e-type=\"widget\" data-widget_type=\"heading.default\">\n\t\t\t\t\t<h2 class=\"elementor-heading-title elementor-size-default\"><a href=\"http:\/\/colossaltrading.com.br\/wp-content\/uploads\/2025\/12\/DECLARACAO-DE-ORIGEM-Colossal-Trading.pdf\">3.2 Declara\u00e7\u00e3o de Origem<\/a><\/h2>\t\t\t\t<\/div>\n\t\t\t\t<div class=\"elementor-element elementor-element-477622d elementor-widget elementor-widget-heading\" data-id=\"477622d\" data-element_type=\"widget\" data-e-type=\"widget\" data-widget_type=\"heading.default\">\n\t\t\t\t\t<h2 class=\"elementor-heading-title elementor-size-default\"><a href=\"http:\/\/colossaltrading.com.br\/wp-content\/uploads\/2025\/12\/Questionario-de-KYC-Colossal-Trading.pdf\">3.3 Question\u00e1rio de KYC\n<\/a><\/h2>\t\t\t\t<\/div>\n\t\t\t\t<div class=\"elementor-element elementor-element-3da0054 elementor-widget elementor-widget-heading\" data-id=\"3da0054\" data-element_type=\"widget\" data-e-type=\"widget\" data-widget_type=\"heading.default\">\n\t\t\t\t\t<h2 class=\"elementor-heading-title elementor-size-default\"><a href=\"http:\/\/colossaltrading.com.br\/wp-content\/uploads\/2025\/12\/CORPORATE-REGISTRATION-FORM-Non-Brazilian-Entities-Colossal-Trading.pdf\">3.4 Corporate Registration Form (Non-Brazilian Entities) <\/a><\/h2>\t\t\t\t<\/div>\n\t\t\t\t<\/div>\n\t\t\t\t<\/div>\n\t\t\t\t<\/div>\n\t\t\t\t\t<\/div>\n\t\t\t\t<\/div>\n\t\t\t\t<\/div>\n\t\t","protected":false},"excerpt":{"rendered":"<p>Pol\u00edtica de Cadastro 1.Pessoas Naturais 2. Pessoas Jur\u00eddicas 3. Documentos de Cadastro 3.1 Ficha de Cadastro de Pessoa Natural 3.2 Ficha de Cadastro de Pessoa Jur\u00eddica 3.2 Declara\u00e7\u00e3o de Origem 3.3 Question\u00e1rio de KYC 3.4 Corporate Registration Form (Non-Brazilian Entities)<\/p>\n","protected":false},"author":1,"featured_media":0,"parent":0,"menu_order":0,"comment_status":"closed","ping_status":"closed","template":"elementor_header_footer","meta":{"footnotes":""},"class_list":["post-894","page","type-page","status-publish","hentry"],"_links":{"self":[{"href":"https:\/\/colossaltrading.com.br\/index.php\/wp-json\/wp\/v2\/pages\/894","targetHints":{"allow":["GET"]}}],"collection":[{"href":"https:\/\/colossaltrading.com.br\/index.php\/wp-json\/wp\/v2\/pages"}],"about":[{"href":"https:\/\/colossaltrading.com.br\/index.php\/wp-json\/wp\/v2\/types\/page"}],"author":[{"embeddable":true,"href":"https:\/\/colossaltrading.com.br\/index.php\/wp-json\/wp\/v2\/users\/1"}],"replies":[{"embeddable":true,"href":"https:\/\/colossaltrading.com.br\/index.php\/wp-json\/wp\/v2\/comments?post=894"}],"version-history":[{"count":35,"href":"https:\/\/colossaltrading.com.br\/index.php\/wp-json\/wp\/v2\/pages\/894\/revisions"}],"predecessor-version":[{"id":1137,"href":"https:\/\/colossaltrading.com.br\/index.php\/wp-json\/wp\/v2\/pages\/894\/revisions\/1137"}],"wp:attachment":[{"href":"https:\/\/colossaltrading.com.br\/index.php\/wp-json\/wp\/v2\/media?parent=894"}],"curies":[{"name":"wp","href":"https:\/\/api.w.org\/{rel}","templated":true}]}}