{"id":12,"date":"2025-08-21T13:21:04","date_gmt":"2025-08-21T16:21:04","guid":{"rendered":"https:\/\/colossaltrading.com.br\/?page_id=12"},"modified":"2025-11-23T15:28:23","modified_gmt":"2025-11-23T18:28:23","slug":"governanca","status":"publish","type":"page","link":"https:\/\/colossaltrading.com.br\/index.php\/governanca\/","title":{"rendered":"GOVERNAN\u00c7A"},"content":{"rendered":"\t\t<div data-elementor-type=\"wp-page\" data-elementor-id=\"12\" class=\"elementor elementor-12\" data-elementor-settings=\"{&quot;ha_cmc_init_switcher&quot;:&quot;no&quot;}\">\n\t\t\t\t<div class=\"elementor-element elementor-element-a6b827f e-con-full e-flex e-con e-parent\" data-id=\"a6b827f\" data-element_type=\"container\" data-e-type=\"container\" data-settings=\"{&quot;background_background&quot;:&quot;classic&quot;,&quot;shape_divider_bottom&quot;:&quot;waves&quot;,&quot;_ha_eqh_enable&quot;:false}\">\n\t\t\t\t<div class=\"elementor-shape elementor-shape-bottom\" aria-hidden=\"true\" data-negative=\"false\">\n\t\t\t<svg xmlns=\"http:\/\/www.w3.org\/2000\/svg\" viewBox=\"0 0 1000 100\" preserveAspectRatio=\"none\">\n\t<path class=\"elementor-shape-fill\" d=\"M421.9,6.5c22.6-2.5,51.5,0.4,75.5,5.3c23.6,4.9,70.9,23.5,100.5,35.7c75.8,32.2,133.7,44.5,192.6,49.7\n\tc23.6,2.1,48.7,3.5,103.4-2.5c54.7-6,106.2-25.6,106.2-25.6V0H0v30.3c0,0,72,32.6,158.4,30.5c39.2-0.7,92.8-6.7,134-22.4\n\tc21.2-8.1,52.2-18.2,79.7-24.2C399.3,7.9,411.6,7.5,421.9,6.5z\"\/>\n<\/svg>\t\t<\/div>\n\t\t\t\t<div class=\"elementor-element elementor-element-e01852c elementor-widget__width-inherit elementor-widget elementor-widget-heading\" data-id=\"e01852c\" data-element_type=\"widget\" data-e-type=\"widget\" data-widget_type=\"heading.default\">\n\t\t\t\t\t<h2 class=\"elementor-heading-title elementor-size-default\">Governan\u00e7a\n<\/h2>\t\t\t\t<\/div>\n\t\t\t\t<\/div>\n\t\t<div class=\"elementor-element elementor-element-0c46c6a e-flex e-con-boxed e-con e-parent\" data-id=\"0c46c6a\" data-element_type=\"container\" data-e-type=\"container\" data-settings=\"{&quot;background_background&quot;:&quot;classic&quot;,&quot;_ha_eqh_enable&quot;:false}\">\n\t\t\t\t\t<div class=\"e-con-inner\">\n\t\t<div class=\"elementor-element elementor-element-95fcdc8 e-con-full elementor-hidden-tablet elementor-hidden-mobile e-flex e-con e-child\" data-id=\"95fcdc8\" data-element_type=\"container\" data-e-type=\"container\" data-settings=\"{&quot;background_background&quot;:&quot;classic&quot;,&quot;_ha_eqh_enable&quot;:false}\">\n\t\t\t\t<div class=\"elementor-element elementor-element-aad0db1 elementor-hidden-tablet elementor-hidden-mobile elementor-widget elementor-widget-image\" data-id=\"aad0db1\" data-element_type=\"widget\" data-e-type=\"widget\" data-widget_type=\"image.default\">\n\t\t\t\t\t\t\t\t\t\t\t\t\t\t\t<img fetchpriority=\"high\" decoding=\"async\" width=\"340\" height=\"500\" src=\"https:\/\/colossaltrading.com.br\/wp-content\/uploads\/2025\/09\/Design-sem-nome-13.png\" class=\"attachment-full size-full wp-image-475\" alt=\"\" srcset=\"https:\/\/colossaltrading.com.br\/wp-content\/uploads\/2025\/09\/Design-sem-nome-13.png 340w, https:\/\/colossaltrading.com.br\/wp-content\/uploads\/2025\/09\/Design-sem-nome-13-204x300.png 204w\" sizes=\"(max-width: 340px) 100vw, 340px\" \/>\t\t\t\t\t\t\t\t\t\t\t\t\t\t\t<\/div>\n\t\t\t\t<\/div>\n\t\t<div class=\"elementor-element elementor-element-b97e644 e-con-full elementor-hidden-tablet elementor-hidden-mobile e-flex e-con e-child\" data-id=\"b97e644\" data-element_type=\"container\" data-e-type=\"container\" data-settings=\"{&quot;_ha_eqh_enable&quot;:false}\">\n\t\t<div class=\"elementor-element elementor-element-750cd7c e-con-full e-flex e-con e-child\" data-id=\"750cd7c\" data-element_type=\"container\" data-e-type=\"container\" data-settings=\"{&quot;_ha_eqh_enable&quot;:false}\">\n\t\t<div class=\"elementor-element elementor-element-6733fac e-con-full e-flex e-con e-child\" data-id=\"6733fac\" data-element_type=\"container\" data-e-type=\"container\" data-settings=\"{&quot;background_background&quot;:&quot;classic&quot;,&quot;_ha_eqh_enable&quot;:false}\">\n\t\t\t\t<div class=\"elementor-element elementor-element-7b9374d elementor-widget__width-inherit elementor-widget-mobile__width-initial elementor-widget elementor-widget-text-editor\" data-id=\"7b9374d\" data-element_type=\"widget\" data-e-type=\"widget\" data-widget_type=\"text-editor.default\">\n\t\t\t\t\t\t\t\t\t<p data-start=\"146\" data-end=\"671\">A <strong data-start=\"148\" data-end=\"168\">Colossal Trading<\/strong> adota elevados padr\u00f5es de governan\u00e7a corporativa e controles internos, sempre com foco na preven\u00e7\u00e3o \u00e0 lavagem de dinheiro, no combate ao financiamento do terrorismo e na gest\u00e3o respons\u00e1vel de sua cadeia de suprimentos. Nosso compromisso \u00e9 aplicar os melhores esfor\u00e7os para assegurar que os metais refinados tenham origem em regi\u00f5es livres de conflito, sejam produzidos em conformidade com normas ambientais, sem viola\u00e7\u00f5es de direitos humanos e sem qualquer ind\u00edcio de v\u00ednculo com atividades il\u00edcitas.<\/p><p data-start=\"673\" data-end=\"935\">Na <strong data-start=\"676\" data-end=\"696\">Colossal Trading<\/strong>, n\u00e3o admitimos que nossas opera\u00e7\u00f5es, decis\u00f5es ou condutas de nossos colaboradores possam, direta ou indiretamente, contribuir para o financiamento de guerras, pr\u00e1ticas ilegais de lavagem de dinheiro ou apoio ao terrorismo internacional.<\/p><p data-start=\"937\" data-end=\"1401\">Mantemos programas cont\u00ednuos de capacita\u00e7\u00e3o para nossa equipe, promovemos a coopera\u00e7\u00e3o com clientes e parceiros e contamos com rigorosos procedimentos internos de Compliance. Nossos processos s\u00e3o direcionados a conhecer e avaliar clientes, fornecedores e colaboradores, de forma a prevenir riscos legais e garantir a rastreabilidade da cadeia de suprimentos, assegurando a legitimidade e a boa proced\u00eancia dos metais preciosos que fazem parte de nossos servi\u00e7os.<\/p>\t\t\t\t\t\t\t\t<\/div>\n\t\t\t\t<div class=\"elementor-element elementor-element-94a7006 elementor-widget elementor-widget-heading\" data-id=\"94a7006\" data-element_type=\"widget\" data-e-type=\"widget\" data-widget_type=\"heading.default\">\n\t\t\t\t\t<h2 class=\"elementor-heading-title elementor-size-default\"><a href=\"https:\/\/colossaltrading.com.br\/index.php\/politica-de-cadastro\/\">Pol\u00edtica de Cadastro<\/a><\/h2>\t\t\t\t<\/div>\n\t\t\t\t<div class=\"elementor-element elementor-element-aa7f453 elementor-widget elementor-widget-heading\" data-id=\"aa7f453\" data-element_type=\"widget\" data-e-type=\"widget\" data-widget_type=\"heading.default\">\n\t\t\t\t\t<h2 class=\"elementor-heading-title elementor-size-default\"><a href=\"https:\/\/colossaltrading.com.br\/index.php\/politicas-internas-de-compliance\/\">Pol\u00edticas Internas de Compliance<\/a><\/h2>\t\t\t\t<\/div>\n\t\t\t\t<div class=\"elementor-element elementor-element-ffb5f61 elementor-widget elementor-widget-heading\" data-id=\"ffb5f61\" data-element_type=\"widget\" data-e-type=\"widget\" data-widget_type=\"heading.default\">\n\t\t\t\t\t<h2 class=\"elementor-heading-title elementor-size-default\"><a href=\"http:\/\/colossaltrading.com.br\/wp-content\/uploads\/2025\/10\/Politica-de-Protecao-de-Dados-e-Privacidade.pdf\">Pol\u00edtica de Prote\u00e7\u00e3o de Dados e Privacidade<\/a><\/h2>\t\t\t\t<\/div>\n\t\t\t\t<\/div>\n\t\t\t\t<\/div>\n\t\t\t\t<\/div>\n\t\t\t\t\t<\/div>\n\t\t\t\t<\/div>\n\t\t<div class=\"elementor-element elementor-element-7021333 elementor-hidden-desktop e-flex e-con-boxed e-con e-parent\" data-id=\"7021333\" data-element_type=\"container\" data-e-type=\"container\" data-settings=\"{&quot;background_background&quot;:&quot;classic&quot;,&quot;_ha_eqh_enable&quot;:false}\">\n\t\t\t\t\t<div class=\"e-con-inner\">\n\t\t\t\t<div class=\"elementor-element elementor-element-86a818f elementor-widget__width-inherit elementor-widget-mobile__width-initial elementor-widget elementor-widget-text-editor\" data-id=\"86a818f\" data-element_type=\"widget\" data-e-type=\"widget\" data-widget_type=\"text-editor.default\">\n\t\t\t\t\t\t\t\t\t<p data-start=\"146\" data-end=\"671\">A <strong data-start=\"148\" data-end=\"168\">Colossal Trading<\/strong> adota elevados padr\u00f5es de governan\u00e7a corporativa e controles internos, sempre com foco na preven\u00e7\u00e3o \u00e0 lavagem de dinheiro, no combate ao financiamento do terrorismo e na gest\u00e3o respons\u00e1vel de sua cadeia de suprimentos. Nosso compromisso \u00e9 aplicar os melhores esfor\u00e7os para assegurar que os metais refinados tenham origem em regi\u00f5es livres de conflito, sejam produzidos em conformidade com normas ambientais, sem viola\u00e7\u00f5es de direitos humanos e sem qualquer ind\u00edcio de v\u00ednculo com atividades il\u00edcitas.<\/p><p data-start=\"673\" data-end=\"935\">Na <strong data-start=\"676\" data-end=\"696\">Colossal Trading<\/strong>, n\u00e3o admitimos que nossas opera\u00e7\u00f5es, decis\u00f5es ou condutas de nossos colaboradores possam, direta ou indiretamente, contribuir para o financiamento de guerras, pr\u00e1ticas ilegais de lavagem de dinheiro ou apoio ao terrorismo internacional.<\/p><p data-start=\"937\" data-end=\"1401\">Mantemos programas cont\u00ednuos de capacita\u00e7\u00e3o para nossa equipe, promovemos a coopera\u00e7\u00e3o com clientes e parceiros e contamos com rigorosos procedimentos internos de Compliance. Nossos processos s\u00e3o direcionados a conhecer e avaliar clientes, fornecedores e colaboradores, de forma a prevenir riscos legais e garantir a rastreabilidade da cadeia de suprimentos, assegurando a legitimidade e a boa proced\u00eancia dos metais preciosos que fazem parte de nossos servi\u00e7os.<\/p>\t\t\t\t\t\t\t\t<\/div>\n\t\t\t\t<div class=\"elementor-element elementor-element-a6b9900 elementor-widget elementor-widget-heading\" data-id=\"a6b9900\" data-element_type=\"widget\" data-e-type=\"widget\" data-widget_type=\"heading.default\">\n\t\t\t\t\t<h2 class=\"elementor-heading-title elementor-size-default\">C\u00f3digo de \u00c9tica e Conduta<\/h2>\t\t\t\t<\/div>\n\t\t\t\t<div class=\"elementor-element elementor-element-62612ef elementor-widget elementor-widget-heading\" data-id=\"62612ef\" data-element_type=\"widget\" data-e-type=\"widget\" data-widget_type=\"heading.default\">\n\t\t\t\t\t<h2 class=\"elementor-heading-title elementor-size-default\">Pol\u00edticas Internas de PLD, CFT e Controle da Cadeia de Suprimentos<\/h2>\t\t\t\t<\/div>\n\t\t\t\t<div class=\"elementor-element elementor-element-93fa868 elementor-widget elementor-widget-heading\" data-id=\"93fa868\" data-element_type=\"widget\" data-e-type=\"widget\" data-widget_type=\"heading.default\">\n\t\t\t\t\t<h2 class=\"elementor-heading-title elementor-size-default\">Internal Policies for AML, CFT and Supply Chain Control<\/h2>\t\t\t\t<\/div>\n\t\t\t\t\t<\/div>\n\t\t\t\t<\/div>\n\t\t\t\t<\/div>\n\t\t","protected":false},"excerpt":{"rendered":"<p>Governan\u00e7a A Colossal Trading adota elevados padr\u00f5es de governan\u00e7a corporativa e controles internos, sempre com foco na preven\u00e7\u00e3o \u00e0 lavagem de dinheiro, no combate ao financiamento do terrorismo e na gest\u00e3o respons\u00e1vel de sua cadeia de suprimentos. Nosso compromisso \u00e9 aplicar os melhores esfor\u00e7os para assegurar que os metais refinados tenham origem em regi\u00f5es livres [&hellip;]<\/p>\n","protected":false},"author":1,"featured_media":0,"parent":0,"menu_order":0,"comment_status":"closed","ping_status":"closed","template":"elementor_header_footer","meta":{"footnotes":""},"class_list":["post-12","page","type-page","status-publish","hentry"],"_links":{"self":[{"href":"https:\/\/colossaltrading.com.br\/index.php\/wp-json\/wp\/v2\/pages\/12","targetHints":{"allow":["GET"]}}],"collection":[{"href":"https:\/\/colossaltrading.com.br\/index.php\/wp-json\/wp\/v2\/pages"}],"about":[{"href":"https:\/\/colossaltrading.com.br\/index.php\/wp-json\/wp\/v2\/types\/page"}],"author":[{"embeddable":true,"href":"https:\/\/colossaltrading.com.br\/index.php\/wp-json\/wp\/v2\/users\/1"}],"replies":[{"embeddable":true,"href":"https:\/\/colossaltrading.com.br\/index.php\/wp-json\/wp\/v2\/comments?post=12"}],"version-history":[{"count":100,"href":"https:\/\/colossaltrading.com.br\/index.php\/wp-json\/wp\/v2\/pages\/12\/revisions"}],"predecessor-version":[{"id":1070,"href":"https:\/\/colossaltrading.com.br\/index.php\/wp-json\/wp\/v2\/pages\/12\/revisions\/1070"}],"wp:attachment":[{"href":"https:\/\/colossaltrading.com.br\/index.php\/wp-json\/wp\/v2\/media?parent=12"}],"curies":[{"name":"wp","href":"https:\/\/api.w.org\/{rel}","templated":true}]}}